{"id":49,"date":"2025-10-14T15:58:41","date_gmt":"2025-10-14T15:58:41","guid":{"rendered":"https:\/\/3msgroup.pt\/wordpress\/?page_id=49"},"modified":"2026-03-18T13:01:57","modified_gmt":"2026-03-18T13:01:57","slug":"elementor-49","status":"publish","type":"page","link":"https:\/\/3msgroup.pt\/","title":{"rendered":"3msgroup"},"content":{"rendered":"\t\t<div data-elementor-type=\"wp-post\" data-elementor-id=\"49\" class=\"elementor elementor-49\" data-elementor-post-type=\"page\">\n\t\t\t\t<div class=\"elementor-element elementor-element-7bb0530 e-flex e-con-boxed e-con e-parent\" data-id=\"7bb0530\" data-element_type=\"container\" data-settings=\"{&quot;background_background&quot;:&quot;gradient&quot;}\">\n\t\t\t\t\t<div class=\"e-con-inner\">\n\t\t\t\t<div class=\"elementor-element elementor-element-9ed747b elementor-widget__width-initial elementor-invisible elementor-widget elementor-widget-image\" data-id=\"9ed747b\" data-element_type=\"widget\" data-settings=\"{&quot;_animation&quot;:&quot;zoomIn&quot;}\" data-widget_type=\"image.default\">\n\t\t\t\t\t\t\t\t\t\t\t\t\t\t\t<img fetchpriority=\"high\" decoding=\"async\" width=\"1000\" height=\"1001\" src=\"https:\/\/3msgroup.pt\/wp-content\/uploads\/2025\/10\/Icone-3Ms-Group-Transparente-2-1.png\" class=\"attachment-large size-large wp-image-664\" alt=\"\" srcset=\"https:\/\/3msgroup.pt\/wp-content\/uploads\/2025\/10\/Icone-3Ms-Group-Transparente-2-1.png 1000w, https:\/\/3msgroup.pt\/wp-content\/uploads\/2025\/10\/Icone-3Ms-Group-Transparente-2-1-300x300.png 300w, https:\/\/3msgroup.pt\/wp-content\/uploads\/2025\/10\/Icone-3Ms-Group-Transparente-2-1-150x150.png 150w, https:\/\/3msgroup.pt\/wp-content\/uploads\/2025\/10\/Icone-3Ms-Group-Transparente-2-1-768x769.png 768w\" sizes=\"(max-width: 1000px) 100vw, 1000px\" \/>\t\t\t\t\t\t\t\t\t\t\t\t\t\t\t<\/div>\n\t\t\t\t<div class=\"elementor-element elementor-element-a9c9fb6 elementor-widget__width-initial elementor-invisible elementor-widget elementor-widget-heading\" data-id=\"a9c9fb6\" data-element_type=\"widget\" data-settings=\"{&quot;_animation&quot;:&quot;zoomIn&quot;}\" data-widget_type=\"heading.default\">\n\t\t\t\t\t<h3 class=\"elementor-heading-title elementor-size-default\">DESCUBRA O MELHOR DE PORTUGAL<\/h3>\t\t\t\t<\/div>\n\t\t\t\t<div class=\"elementor-element elementor-element-fc9fae5 elementor-widget-divider--separator-type-pattern elementor-widget-divider--view-line elementor-invisible elementor-widget elementor-widget-divider\" data-id=\"fc9fae5\" data-element_type=\"widget\" data-settings=\"{&quot;_animation&quot;:&quot;zoomIn&quot;}\" data-widget_type=\"divider.default\">\n\t\t\t\t\t\t\t<div class=\"elementor-divider\" style=\"--divider-pattern-url: url(&quot;data:image\/svg+xml,%3Csvg xmlns=&#039;http:\/\/www.w3.org\/2000\/svg&#039; preserveAspectRatio=&#039;none&#039; overflow=&#039;visible&#039; height=&#039;100%&#039; viewBox=&#039;0 0 20 16&#039; fill=&#039;none&#039; stroke=&#039;black&#039; stroke-width=&#039;1&#039; stroke-linecap=&#039;square&#039; stroke-miterlimit=&#039;10&#039;%3E%3Cg transform=&#039;translate(-12.000000, 0)&#039;%3E%3Cpath d=&#039;M28,0L10,18&#039;\/%3E%3Cpath d=&#039;M18,0L0,18&#039;\/%3E%3Cpath d=&#039;M48,0L30,18&#039;\/%3E%3Cpath d=&#039;M38,0L20,18&#039;\/%3E%3C\/g%3E%3C\/svg%3E&quot;);\">\n\t\t\t<span class=\"elementor-divider-separator\">\n\t\t\t\t\t\t<\/span>\n\t\t<\/div>\n\t\t\t\t\t\t<\/div>\n\t\t\t\t<div class=\"elementor-element elementor-element-1ee4f2c elementor-widget__width-initial elementor-invisible elementor-widget elementor-widget-heading\" data-id=\"1ee4f2c\" data-element_type=\"widget\" data-settings=\"{&quot;_animation&quot;:&quot;zoomIn&quot;}\" data-widget_type=\"heading.default\">\n\t\t\t\t\t<h5 class=\"elementor-heading-title elementor-size-default\">Desde alojamentos de excel\u00eancia com vista para os rios Douro e Sabor at\u00e9 passeios de barco que revelam a verdadeira alma do Norte de Portugal.\nExplore paisagens aut\u00eanticas atrav\u00e9s de roteiros tur\u00edsticos personalizados, criados \u00e0 medida de cada cliente, que combinam cultura local, gastronomia e natureza.\nO 3msgroup une hospitalidade, tradi\u00e7\u00e3o e experi\u00eancia para oferecer o que Portugal tem de mais genu\u00edno.<\/h5>\t\t\t\t<\/div>\n\t\t\t\t\t<\/div>\n\t\t\t\t<\/div>\n\t\t<div class=\"elementor-element elementor-element-d7b8207 e-con-full e-flex e-con e-parent\" data-id=\"d7b8207\" data-element_type=\"container\" data-settings=\"{&quot;background_background&quot;:&quot;gradient&quot;,&quot;shape_divider_top&quot;:&quot;opacity-fan&quot;,&quot;shape_divider_bottom&quot;:&quot;opacity-fan&quot;}\">\n\t\t\t\t<div class=\"elementor-shape elementor-shape-top\" aria-hidden=\"true\" data-negative=\"false\">\n\t\t\t<svg xmlns=\"http:\/\/www.w3.org\/2000\/svg\" viewBox=\"0 0 283.5 19.6\" preserveAspectRatio=\"none\">\n\t<path class=\"elementor-shape-fill\" style=\"opacity:0.33\" d=\"M0 0L0 18.8 141.8 4.1 283.5 18.8 283.5 0z\"\/>\n\t<path class=\"elementor-shape-fill\" style=\"opacity:0.33\" d=\"M0 0L0 12.6 141.8 4 283.5 12.6 283.5 0z\"\/>\n\t<path class=\"elementor-shape-fill\" style=\"opacity:0.33\" d=\"M0 0L0 6.4 141.8 4 283.5 6.4 283.5 0z\"\/>\n\t<path class=\"elementor-shape-fill\" d=\"M0 0L0 1.2 141.8 4 283.5 1.2 283.5 0z\"\/>\n<\/svg>\t\t<\/div>\n\t\t\t\t<div class=\"elementor-shape elementor-shape-bottom\" aria-hidden=\"true\" data-negative=\"false\">\n\t\t\t<svg xmlns=\"http:\/\/www.w3.org\/2000\/svg\" viewBox=\"0 0 283.5 19.6\" preserveAspectRatio=\"none\">\n\t<path class=\"elementor-shape-fill\" style=\"opacity:0.33\" d=\"M0 0L0 18.8 141.8 4.1 283.5 18.8 283.5 0z\"\/>\n\t<path class=\"elementor-shape-fill\" style=\"opacity:0.33\" d=\"M0 0L0 12.6 141.8 4 283.5 12.6 283.5 0z\"\/>\n\t<path class=\"elementor-shape-fill\" style=\"opacity:0.33\" d=\"M0 0L0 6.4 141.8 4 283.5 6.4 283.5 0z\"\/>\n\t<path class=\"elementor-shape-fill\" d=\"M0 0L0 1.2 141.8 4 283.5 1.2 283.5 0z\"\/>\n<\/svg>\t\t<\/div>\n\t\t<div class=\"elementor-element elementor-element-3305ff2 e-con-full e-flex e-con e-child\" data-id=\"3305ff2\" data-element_type=\"container\">\n\t\t\t\t<div class=\"elementor-element elementor-element-6cad08e elementor-widget__width-initial elementor-invisible elementor-widget elementor-widget-image\" data-id=\"6cad08e\" data-element_type=\"widget\" data-settings=\"{&quot;_animation&quot;:&quot;zoomIn&quot;}\" data-widget_type=\"image.default\">\n\t\t\t\t\t\t\t\t\t\t\t\t\t\t\t\t<a href=\"https:\/\/dourocreationtours.pt\/\" target=\"_blank\" rel=\"noopener\">\n\t\t\t\t\t\t\t<img decoding=\"async\" width=\"1000\" height=\"1000\" src=\"https:\/\/3msgroup.pt\/wp-content\/uploads\/2025\/10\/Design-sem-nome-1.jpg\" class=\"elementor-animation-shrink attachment-full size-full wp-image-499\" alt=\"\" srcset=\"https:\/\/3msgroup.pt\/wp-content\/uploads\/2025\/10\/Design-sem-nome-1.jpg 1000w, https:\/\/3msgroup.pt\/wp-content\/uploads\/2025\/10\/Design-sem-nome-1-300x300.jpg 300w, https:\/\/3msgroup.pt\/wp-content\/uploads\/2025\/10\/Design-sem-nome-1-150x150.jpg 150w, https:\/\/3msgroup.pt\/wp-content\/uploads\/2025\/10\/Design-sem-nome-1-768x768.jpg 768w\" sizes=\"(max-width: 1000px) 100vw, 1000px\" \/>\t\t\t\t\t\t\t\t<\/a>\n\t\t\t\t\t\t\t\t\t\t\t\t\t\t\t<\/div>\n\t\t\t\t<\/div>\n\t\t<div class=\"elementor-element elementor-element-6b2e792 e-con-full e-flex e-con e-child\" data-id=\"6b2e792\" data-element_type=\"container\">\n\t\t\t\t<div class=\"elementor-element elementor-element-ea5b545 elementor-widget__width-initial elementor-invisible elementor-widget elementor-widget-image\" data-id=\"ea5b545\" data-element_type=\"widget\" data-settings=\"{&quot;_animation&quot;:&quot;zoomIn&quot;}\" data-widget_type=\"image.default\">\n\t\t\t\t\t\t\t\t\t\t\t\t\t\t\t\t<a href=\"https:\/\/ribeirahouse.pt\/\" target=\"_blank\" rel=\"noopener\">\n\t\t\t\t\t\t\t<img decoding=\"async\" width=\"500\" height=\"500\" src=\"https:\/\/3msgroup.pt\/wp-content\/uploads\/2025\/10\/WhatsApp-Image-2025-10-16-at-09.45.58.jpeg\" class=\"elementor-animation-shrink attachment-full size-full wp-image-677\" alt=\"\" srcset=\"https:\/\/3msgroup.pt\/wp-content\/uploads\/2025\/10\/WhatsApp-Image-2025-10-16-at-09.45.58.jpeg 500w, https:\/\/3msgroup.pt\/wp-content\/uploads\/2025\/10\/WhatsApp-Image-2025-10-16-at-09.45.58-300x300.jpeg 300w, https:\/\/3msgroup.pt\/wp-content\/uploads\/2025\/10\/WhatsApp-Image-2025-10-16-at-09.45.58-150x150.jpeg 150w\" sizes=\"(max-width: 500px) 100vw, 500px\" \/>\t\t\t\t\t\t\t\t<\/a>\n\t\t\t\t\t\t\t\t\t\t\t\t\t\t\t<\/div>\n\t\t\t\t<\/div>\n\t\t<div class=\"elementor-element elementor-element-a3b9754 e-con-full e-flex e-con e-child\" data-id=\"a3b9754\" data-element_type=\"container\">\n\t\t\t\t<div class=\"elementor-element elementor-element-b3dd863 elementor-widget__width-initial elementor-invisible elementor-widget elementor-widget-image\" data-id=\"b3dd863\" data-element_type=\"widget\" data-settings=\"{&quot;_animation&quot;:&quot;zoomIn&quot;}\" data-widget_type=\"image.default\">\n\t\t\t\t\t\t\t\t\t\t\t\t\t\t\t\t<a href=\"https:\/\/fozhousesaboredouro.pt\/\" target=\"_blank\" rel=\"noopener\">\n\t\t\t\t\t\t\t<img loading=\"lazy\" decoding=\"async\" width=\"1000\" height=\"1000\" src=\"https:\/\/3msgroup.pt\/wp-content\/uploads\/2025\/10\/Design-sem-nome-2.jpg\" class=\"elementor-animation-shrink attachment-large size-large wp-image-503\" alt=\"\" srcset=\"https:\/\/3msgroup.pt\/wp-content\/uploads\/2025\/10\/Design-sem-nome-2.jpg 1000w, https:\/\/3msgroup.pt\/wp-content\/uploads\/2025\/10\/Design-sem-nome-2-300x300.jpg 300w, https:\/\/3msgroup.pt\/wp-content\/uploads\/2025\/10\/Design-sem-nome-2-150x150.jpg 150w, https:\/\/3msgroup.pt\/wp-content\/uploads\/2025\/10\/Design-sem-nome-2-768x768.jpg 768w\" sizes=\"(max-width: 1000px) 100vw, 1000px\" \/>\t\t\t\t\t\t\t\t<\/a>\n\t\t\t\t\t\t\t\t\t\t\t\t\t\t\t<\/div>\n\t\t\t\t<\/div>\n\t\t<div class=\"elementor-element elementor-element-40d72f7 e-con-full e-flex e-con e-child\" data-id=\"40d72f7\" data-element_type=\"container\">\n\t\t\t\t<div class=\"elementor-element elementor-element-3113295 elementor-widget__width-initial elementor-invisible elementor-widget elementor-widget-image\" data-id=\"3113295\" data-element_type=\"widget\" data-settings=\"{&quot;_animation&quot;:&quot;zoomIn&quot;}\" data-widget_type=\"image.default\">\n\t\t\t\t\t\t\t\t\t\t\t\t\t\t\t\t<a href=\"https:\/\/fozdosaborboats.pt\/\" target=\"_blank\" rel=\"noopener\">\n\t\t\t\t\t\t\t<img loading=\"lazy\" decoding=\"async\" width=\"1000\" height=\"1000\" src=\"https:\/\/3msgroup.pt\/wp-content\/uploads\/2025\/10\/Design-sem-nome-3.jpg\" class=\"elementor-animation-shrink attachment-large size-large wp-image-510\" alt=\"\" srcset=\"https:\/\/3msgroup.pt\/wp-content\/uploads\/2025\/10\/Design-sem-nome-3.jpg 1000w, https:\/\/3msgroup.pt\/wp-content\/uploads\/2025\/10\/Design-sem-nome-3-300x300.jpg 300w, https:\/\/3msgroup.pt\/wp-content\/uploads\/2025\/10\/Design-sem-nome-3-150x150.jpg 150w, https:\/\/3msgroup.pt\/wp-content\/uploads\/2025\/10\/Design-sem-nome-3-768x768.jpg 768w\" sizes=\"(max-width: 1000px) 100vw, 1000px\" \/>\t\t\t\t\t\t\t\t<\/a>\n\t\t\t\t\t\t\t\t\t\t\t\t\t\t\t<\/div>\n\t\t\t\t<\/div>\n\t\t\t\t<\/div>\n\t\t<div class=\"elementor-element elementor-element-e2c6b0e e-flex e-con-boxed e-con e-parent\" data-id=\"e2c6b0e\" data-element_type=\"container\" data-settings=\"{&quot;background_background&quot;:&quot;gradient&quot;}\">\n\t\t\t\t\t<div class=\"e-con-inner\">\n\t\t<div class=\"elementor-element elementor-element-892f000 e-con-full e-flex e-con e-child\" data-id=\"892f000\" data-element_type=\"container\">\n\t\t\t\t<div class=\"elementor-element elementor-element-60d74ff elementor-invisible elementor-widget elementor-widget-image\" data-id=\"60d74ff\" data-element_type=\"widget\" data-settings=\"{&quot;_animation&quot;:&quot;zoomIn&quot;}\" data-widget_type=\"image.default\">\n\t\t\t\t\t\t\t\t\t\t\t\t\t\t\t<img loading=\"lazy\" decoding=\"async\" width=\"1000\" height=\"1000\" src=\"https:\/\/3msgroup.pt\/wp-content\/uploads\/2025\/10\/Design-sem-nome-2025-10-24T094958.537.jpg\" class=\"attachment-large size-large wp-image-946\" alt=\"\" srcset=\"https:\/\/3msgroup.pt\/wp-content\/uploads\/2025\/10\/Design-sem-nome-2025-10-24T094958.537.jpg 1000w, https:\/\/3msgroup.pt\/wp-content\/uploads\/2025\/10\/Design-sem-nome-2025-10-24T094958.537-300x300.jpg 300w, https:\/\/3msgroup.pt\/wp-content\/uploads\/2025\/10\/Design-sem-nome-2025-10-24T094958.537-150x150.jpg 150w, https:\/\/3msgroup.pt\/wp-content\/uploads\/2025\/10\/Design-sem-nome-2025-10-24T094958.537-768x768.jpg 768w\" sizes=\"(max-width: 1000px) 100vw, 1000px\" \/>\t\t\t\t\t\t\t\t\t\t\t\t\t\t\t<\/div>\n\t\t\t\t<div class=\"elementor-element elementor-element-1fcdb25 elementor-invisible elementor-widget elementor-widget-heading\" data-id=\"1fcdb25\" data-element_type=\"widget\" data-settings=\"{&quot;_animation&quot;:&quot;zoomIn&quot;}\" data-widget_type=\"heading.default\">\n\t\t\t\t\t<h5 class=\"elementor-heading-title elementor-size-default\">A Douro Creation Tours transforma cada viagem numa experi\u00eancia exclusiva e personalizada.<\/h5>\t\t\t\t<\/div>\n\t\t\t\t<\/div>\n\t\t<div class=\"elementor-element elementor-element-e36f931 e-con-full e-flex e-con e-child\" data-id=\"e36f931\" data-element_type=\"container\">\n\t\t\t\t<div class=\"elementor-element elementor-element-8fa19b4 elementor-invisible elementor-widget elementor-widget-image\" data-id=\"8fa19b4\" data-element_type=\"widget\" data-settings=\"{&quot;_animation&quot;:&quot;zoomIn&quot;}\" data-widget_type=\"image.default\">\n\t\t\t\t\t\t\t\t\t\t\t\t\t\t\t<img loading=\"lazy\" decoding=\"async\" width=\"1000\" height=\"1000\" src=\"https:\/\/3msgroup.pt\/wp-content\/uploads\/2025\/10\/Design-sem-nome-5.jpg\" class=\"attachment-large size-large wp-image-588\" alt=\"\" srcset=\"https:\/\/3msgroup.pt\/wp-content\/uploads\/2025\/10\/Design-sem-nome-5.jpg 1000w, https:\/\/3msgroup.pt\/wp-content\/uploads\/2025\/10\/Design-sem-nome-5-300x300.jpg 300w, https:\/\/3msgroup.pt\/wp-content\/uploads\/2025\/10\/Design-sem-nome-5-150x150.jpg 150w, https:\/\/3msgroup.pt\/wp-content\/uploads\/2025\/10\/Design-sem-nome-5-768x768.jpg 768w\" sizes=\"(max-width: 1000px) 100vw, 1000px\" \/>\t\t\t\t\t\t\t\t\t\t\t\t\t\t\t<\/div>\n\t\t\t\t<div class=\"elementor-element elementor-element-f698fb6 elementor-invisible elementor-widget elementor-widget-heading\" data-id=\"f698fb6\" data-element_type=\"widget\" data-settings=\"{&quot;_animation&quot;:&quot;zoomIn&quot;}\" data-widget_type=\"heading.default\">\n\t\t\t\t\t<h5 class=\"elementor-heading-title elementor-size-default\">Alojamento de charme no cora\u00e7\u00e3o de Mirandela. Descubra o conforto com vista para\u00a0a\u00a0tradi\u00e7\u00e3o.<\/h5>\t\t\t\t<\/div>\n\t\t\t\t<\/div>\n\t\t<div class=\"elementor-element elementor-element-6e1c1e0 e-con-full e-flex e-con e-child\" data-id=\"6e1c1e0\" data-element_type=\"container\">\n\t\t\t\t<div class=\"elementor-element elementor-element-6587c8c elementor-widget-tablet__width-initial elementor-widget-mobile__width-initial elementor-invisible elementor-widget elementor-widget-image\" data-id=\"6587c8c\" data-element_type=\"widget\" data-settings=\"{&quot;_animation&quot;:&quot;zoomIn&quot;}\" data-widget_type=\"image.default\">\n\t\t\t\t\t\t\t\t\t\t\t\t\t\t\t<img loading=\"lazy\" decoding=\"async\" width=\"1000\" height=\"1000\" src=\"https:\/\/3msgroup.pt\/wp-content\/uploads\/2025\/10\/Design-sem-nome-6.jpg\" class=\"attachment-large size-large wp-image-589\" alt=\"\" srcset=\"https:\/\/3msgroup.pt\/wp-content\/uploads\/2025\/10\/Design-sem-nome-6.jpg 1000w, https:\/\/3msgroup.pt\/wp-content\/uploads\/2025\/10\/Design-sem-nome-6-300x300.jpg 300w, https:\/\/3msgroup.pt\/wp-content\/uploads\/2025\/10\/Design-sem-nome-6-150x150.jpg 150w, https:\/\/3msgroup.pt\/wp-content\/uploads\/2025\/10\/Design-sem-nome-6-768x768.jpg 768w\" sizes=\"(max-width: 1000px) 100vw, 1000px\" \/>\t\t\t\t\t\t\t\t\t\t\t\t\t\t\t<\/div>\n\t\t\t\t<div class=\"elementor-element elementor-element-e78876d elementor-widget-tablet__width-initial elementor-widget-mobile__width-initial elementor-widget__width-initial elementor-invisible elementor-widget elementor-widget-heading\" data-id=\"e78876d\" data-element_type=\"widget\" data-settings=\"{&quot;_animation&quot;:&quot;zoomIn&quot;}\" data-widget_type=\"heading.default\">\n\t\t\t\t\t<h5 class=\"elementor-heading-title elementor-size-default\">Alojamento moderno e requintado na Foz do Sabor. Conforto e natureza&nbsp;de&nbsp;<br>m\u00e3os&nbsp;dadas.<\/h5>\t\t\t\t<\/div>\n\t\t\t\t<\/div>\n\t\t<div class=\"elementor-element elementor-element-dbfd48a e-con-full e-flex e-con e-child\" data-id=\"dbfd48a\" data-element_type=\"container\">\n\t\t\t\t<div class=\"elementor-element elementor-element-6f8396b elementor-invisible elementor-widget elementor-widget-image\" data-id=\"6f8396b\" data-element_type=\"widget\" data-settings=\"{&quot;_animation&quot;:&quot;zoomIn&quot;}\" data-widget_type=\"image.default\">\n\t\t\t\t\t\t\t\t\t\t\t\t\t\t\t<img loading=\"lazy\" decoding=\"async\" width=\"1000\" height=\"1000\" src=\"https:\/\/3msgroup.pt\/wp-content\/uploads\/2025\/10\/Design-sem-nome-7.jpg\" class=\"attachment-large size-large wp-image-590\" alt=\"\" srcset=\"https:\/\/3msgroup.pt\/wp-content\/uploads\/2025\/10\/Design-sem-nome-7.jpg 1000w, https:\/\/3msgroup.pt\/wp-content\/uploads\/2025\/10\/Design-sem-nome-7-300x300.jpg 300w, https:\/\/3msgroup.pt\/wp-content\/uploads\/2025\/10\/Design-sem-nome-7-150x150.jpg 150w, https:\/\/3msgroup.pt\/wp-content\/uploads\/2025\/10\/Design-sem-nome-7-768x768.jpg 768w\" sizes=\"(max-width: 1000px) 100vw, 1000px\" \/>\t\t\t\t\t\t\t\t\t\t\t\t\t\t\t<\/div>\n\t\t\t\t<div class=\"elementor-element elementor-element-6b5f708 elementor-widget__width-initial elementor-invisible elementor-widget elementor-widget-heading\" data-id=\"6b5f708\" data-element_type=\"widget\" data-settings=\"{&quot;_animation&quot;:&quot;zoomIn&quot;}\" data-widget_type=\"heading.default\">\n\t\t\t\t\t<h5 class=\"elementor-heading-title elementor-size-default\">Passeios de barco \u00fanicos entre os rios Sabor e Douro. Viva a tranquilidade das \u00e1guas.<\/h5>\t\t\t\t<\/div>\n\t\t\t\t<\/div>\n\t\t\t\t\t<\/div>\n\t\t\t\t<\/div>\n\t\t\t\t<\/div>\n\t\t","protected":false},"excerpt":{"rendered":"<p>DESCUBRA O MELHOR DE PORTUGAL Desde alojamentos de excel\u00eancia com vista para os rios Douro e Sabor at\u00e9 passeios de barco que revelam a verdadeira alma do Norte de Portugal. [&hellip;]<\/p>\n","protected":false},"author":1,"featured_media":0,"parent":0,"menu_order":0,"comment_status":"closed","ping_status":"closed","template":"elementor_header_footer","meta":{"footnotes":""},"class_list":["post-49","page","type-page","status-publish","hentry"],"_links":{"self":[{"href":"https:\/\/3msgroup.pt\/index.php\/wp-json\/wp\/v2\/pages\/49","targetHints":{"allow":["GET"]}}],"collection":[{"href":"https:\/\/3msgroup.pt\/index.php\/wp-json\/wp\/v2\/pages"}],"about":[{"href":"https:\/\/3msgroup.pt\/index.php\/wp-json\/wp\/v2\/types\/page"}],"author":[{"embeddable":true,"href":"https:\/\/3msgroup.pt\/index.php\/wp-json\/wp\/v2\/users\/1"}],"replies":[{"embeddable":true,"href":"https:\/\/3msgroup.pt\/index.php\/wp-json\/wp\/v2\/comments?post=49"}],"version-history":[{"count":488,"href":"https:\/\/3msgroup.pt\/index.php\/wp-json\/wp\/v2\/pages\/49\/revisions"}],"predecessor-version":[{"id":967,"href":"https:\/\/3msgroup.pt\/index.php\/wp-json\/wp\/v2\/pages\/49\/revisions\/967"}],"wp:attachment":[{"href":"https:\/\/3msgroup.pt\/index.php\/wp-json\/wp\/v2\/media?parent=49"}],"curies":[{"name":"wp","href":"https:\/\/api.w.org\/{rel}","templated":true}]}}